{"id":660,"date":"2022-06-30T10:35:44","date_gmt":"2022-06-30T08:35:44","guid":{"rendered":"https:\/\/torrent.trinitarias.net\/tienda-online\/?post_type=product&#038;p=660"},"modified":"2026-04-10T18:53:18","modified_gmt":"2026-04-10T16:53:18","slug":"chaqueta-chandal","status":"publish","type":"product","link":"https:\/\/torrent.trinitarias.net\/tienda-online\/producto\/chaqueta-chandal\/","title":{"rendered":"Ch\u00e1ndal"},"content":{"rendered":"<p>Tejido Principal C\/ Azul<br \/>\nTejido Contraste C\/ Rojo y Blanco<br \/>\nBordado C\/ Blanco C\/ Rojo<br \/>\nDetalle confecci\u00f3n cuello<br \/>\nDetalle de confecci\u00f3n bolsillo lateral<br \/>\nDetalle confecci\u00f3n pu\u00f1o con el\u00e1stico interior<\/p>\n","protected":false},"excerpt":{"rendered":"<p>Tejido Principal C\/ Azul<br \/>\nTejido Contraste C\/ Rojo y Blanco<br \/>\nBordado C\/ Blanco C\/ Rojo<br \/>\nDetalle confecci\u00f3n cuello<br \/>\nDetalle de confecci\u00f3n bolsillo lateral<br \/>\nDetalle confecci\u00f3n pu\u00f1o con el\u00e1stico interior<\/p>\n","protected":false},"featured_media":674,"template":"","meta":[],"product_brand":[],"product_cat":[39,15],"product_tag":[],"class_list":{"0":"post-660","1":"product","2":"type-product","3":"status-publish","4":"has-post-thumbnail","6":"product_cat-deporte","7":"product_cat-productos","9":"first","10":"instock","11":"taxable","12":"shipping-taxable","13":"purchasable","14":"product-type-variable"},"_links":{"self":[{"href":"https:\/\/torrent.trinitarias.net\/tienda-online\/wp-json\/wp\/v2\/product\/660","targetHints":{"allow":["GET"]}}],"collection":[{"href":"https:\/\/torrent.trinitarias.net\/tienda-online\/wp-json\/wp\/v2\/product"}],"about":[{"href":"https:\/\/torrent.trinitarias.net\/tienda-online\/wp-json\/wp\/v2\/types\/product"}],"wp:featuredmedia":[{"embeddable":true,"href":"https:\/\/torrent.trinitarias.net\/tienda-online\/wp-json\/wp\/v2\/media\/674"}],"wp:attachment":[{"href":"https:\/\/torrent.trinitarias.net\/tienda-online\/wp-json\/wp\/v2\/media?parent=660"}],"wp:term":[{"taxonomy":"product_brand","embeddable":true,"href":"https:\/\/torrent.trinitarias.net\/tienda-online\/wp-json\/wp\/v2\/product_brand?post=660"},{"taxonomy":"product_cat","embeddable":true,"href":"https:\/\/torrent.trinitarias.net\/tienda-online\/wp-json\/wp\/v2\/product_cat?post=660"},{"taxonomy":"product_tag","embeddable":true,"href":"https:\/\/torrent.trinitarias.net\/tienda-online\/wp-json\/wp\/v2\/product_tag?post=660"}],"curies":[{"name":"wp","href":"https:\/\/api.w.org\/{rel}","templated":true}]}}