{"id":6301,"date":"2025-11-25T08:24:54","date_gmt":"2025-11-25T07:24:54","guid":{"rendered":"https:\/\/torrent.trinitarias.net\/tienda-online\/?post_type=product&#038;p=6301"},"modified":"2026-03-23T20:26:59","modified_gmt":"2026-03-23T19:26:59","slug":"chaquetachandal","status":"publish","type":"product","link":"https:\/\/torrent.trinitarias.net\/tienda-online\/producto\/chaquetachandal\/","title":{"rendered":"Chaqueta ch\u00e1ndal"},"content":{"rendered":"<p>Tejido Principal C\/ Azul<br \/>\nTejido Contraste C\/ Rojo y Blanco<br \/>\nBordado C\/ Blanco C\/ Rojo<br \/>\nDetalle confecci\u00f3n cuello<br \/>\nDetalle de confecci\u00f3n bolsillo lateral<br \/>\nDetalle confecci\u00f3n pu\u00f1o con el\u00e1stico interior<\/p>\n","protected":false},"excerpt":{"rendered":"<p>Tejido Principal C\/ Azul<br \/>\nTejido Contraste C\/ Rojo y Blanco<br \/>\nBordado C\/ Blanco C\/ Rojo<br \/>\nDetalle confecci\u00f3n cuello<br \/>\nDetalle de confecci\u00f3n bolsillo lateral<br \/>\nDetalle confecci\u00f3n pu\u00f1o con el\u00e1stico interior<\/p>\n","protected":false},"featured_media":674,"template":"","meta":[],"product_brand":[],"product_cat":[39,15],"product_tag":[],"class_list":{"0":"post-6301","1":"product","2":"type-product","3":"status-publish","4":"has-post-thumbnail","6":"product_cat-deporte","7":"product_cat-productos","9":"first","10":"instock","11":"taxable","12":"shipping-taxable","13":"purchasable","14":"product-type-variable"},"_links":{"self":[{"href":"https:\/\/torrent.trinitarias.net\/tienda-online\/wp-json\/wp\/v2\/product\/6301","targetHints":{"allow":["GET"]}}],"collection":[{"href":"https:\/\/torrent.trinitarias.net\/tienda-online\/wp-json\/wp\/v2\/product"}],"about":[{"href":"https:\/\/torrent.trinitarias.net\/tienda-online\/wp-json\/wp\/v2\/types\/product"}],"wp:featuredmedia":[{"embeddable":true,"href":"https:\/\/torrent.trinitarias.net\/tienda-online\/wp-json\/wp\/v2\/media\/674"}],"wp:attachment":[{"href":"https:\/\/torrent.trinitarias.net\/tienda-online\/wp-json\/wp\/v2\/media?parent=6301"}],"wp:term":[{"taxonomy":"product_brand","embeddable":true,"href":"https:\/\/torrent.trinitarias.net\/tienda-online\/wp-json\/wp\/v2\/product_brand?post=6301"},{"taxonomy":"product_cat","embeddable":true,"href":"https:\/\/torrent.trinitarias.net\/tienda-online\/wp-json\/wp\/v2\/product_cat?post=6301"},{"taxonomy":"product_tag","embeddable":true,"href":"https:\/\/torrent.trinitarias.net\/tienda-online\/wp-json\/wp\/v2\/product_tag?post=6301"}],"curies":[{"name":"wp","href":"https:\/\/api.w.org\/{rel}","templated":true}]}}