{"id":4441,"date":"2025-07-07T10:11:46","date_gmt":"2025-07-07T08:11:46","guid":{"rendered":"https:\/\/torrent.trinitarias.net\/tienda-online\/?post_type=product&#038;p=4441"},"modified":"2026-03-26T15:35:33","modified_gmt":"2026-03-26T14:35:33","slug":"parc-adai-etapa-infantil","status":"publish","type":"product","link":"https:\/\/torrent.trinitarias.net\/tienda-online\/producto\/parc-adai-etapa-infantil\/","title":{"rendered":"PARC ADAI (ETAPA INFANTIL)"},"content":{"rendered":"<p>ACTIVIDAD COMPLEMENTARIA PARA TODA EDUCACI\u00d3N INFANTIL<\/p>\n<p>4 DE MAYO DE 2026<\/p>\n<p>PARC ADAI (N\u00c1QUERA)<\/p>\n<p>PARQUE EN UN ENTORNO NATURAL CON VARIAS TEM\u00c1TICAS. SE REFUERZAN Y TRABAJAN LOS CONTENIDOS QUE SE IMPARTEN EN EL COLEGIO DE FORMA ORIGINAL, CREATIVA Y PARTICIPATIVA. TAMBI\u00c9N CONTENIDOS TRANSVERSALES COMO LA EDUCACI\u00d3N PARA LA PAZ, LA TOLERANCIA Y LA EDUCACI\u00d3N EMOCIONAL..<\/p>\n<p>EL PRECIO DE LA ACTIVIDAD ES 40 EUROS (ACTIVIDADES, COMIDA Y TRANSPORTE INCLUIDOS)<\/p>\n<p><strong>SE DEBE PAGAR ANTES DEL MI\u00c9RCOLES 29 DE ABRIL.<\/strong><\/p>\n<p>&nbsp;<\/p>\n","protected":false},"excerpt":{"rendered":"<p>ACTIVIDAD COMPLEMENTARIA PARA TODA EDUCACI\u00d3N INFANTIL<\/p>\n<p>4 DE MAYO DE 2026<\/p>\n<p>PARC ADAI (N\u00c1QUERA)<\/p>\n<p>PARQUE EN UN ENTORNO NATURAL CON VARIAS TEM\u00c1TICAS. SE REFUERZAN Y TRABAJAN LOS CONTENIDOS QUE SE IMPARTEN EN EL COLEGIO DE FORMA ORIGINAL, CREATIVA Y PARTICIPATIVA. TAMBI\u00c9N CONTENIDOS TRANSVERSALES COMO LA EDUCACI\u00d3N PARA LA PAZ, LA TOLERANCIA Y LA EDUCACI\u00d3N EMOCIONAL..<\/p>\n<p>EL PRECIO DE LA ACTIVIDAD ES 40 EUROS (ACTIVIDADES, COMIDA Y TRANSPORTE INCLUIDOS)<\/p>\n<p><strong>SE DEBE PAGAR ANTES DEL MI\u00c9RCOLES 29 DE ABRIL.<\/strong><\/p>\n<p>&nbsp;<\/p>\n","protected":false},"featured_media":3415,"template":"","meta":[],"product_brand":[],"product_cat":[68,67],"product_tag":[],"class_list":{"0":"post-4441","1":"product","2":"type-product","3":"status-publish","4":"has-post-thumbnail","6":"product_cat-actividades-infantil","7":"product_cat-actividades-complementarias","9":"first","10":"instock","11":"taxable","12":"shipping-taxable","13":"purchasable","14":"product-type-simple"},"_links":{"self":[{"href":"https:\/\/torrent.trinitarias.net\/tienda-online\/wp-json\/wp\/v2\/product\/4441","targetHints":{"allow":["GET"]}}],"collection":[{"href":"https:\/\/torrent.trinitarias.net\/tienda-online\/wp-json\/wp\/v2\/product"}],"about":[{"href":"https:\/\/torrent.trinitarias.net\/tienda-online\/wp-json\/wp\/v2\/types\/product"}],"wp:featuredmedia":[{"embeddable":true,"href":"https:\/\/torrent.trinitarias.net\/tienda-online\/wp-json\/wp\/v2\/media\/3415"}],"wp:attachment":[{"href":"https:\/\/torrent.trinitarias.net\/tienda-online\/wp-json\/wp\/v2\/media?parent=4441"}],"wp:term":[{"taxonomy":"product_brand","embeddable":true,"href":"https:\/\/torrent.trinitarias.net\/tienda-online\/wp-json\/wp\/v2\/product_brand?post=4441"},{"taxonomy":"product_cat","embeddable":true,"href":"https:\/\/torrent.trinitarias.net\/tienda-online\/wp-json\/wp\/v2\/product_cat?post=4441"},{"taxonomy":"product_tag","embeddable":true,"href":"https:\/\/torrent.trinitarias.net\/tienda-online\/wp-json\/wp\/v2\/product_tag?post=4441"}],"curies":[{"name":"wp","href":"https:\/\/api.w.org\/{rel}","templated":true}]}}