{"id":378,"date":"2022-06-28T13:31:16","date_gmt":"2022-06-28T11:31:16","guid":{"rendered":"https:\/\/torrent.trinitarias.net\/tienda-online\/?post_type=product&#038;p=378"},"modified":"2026-03-24T07:49:50","modified_gmt":"2026-03-24T06:49:50","slug":"forro-polar","status":"publish","type":"product","link":"https:\/\/torrent.trinitarias.net\/tienda-online\/producto\/forro-polar\/","title":{"rendered":"Forro polar"},"content":{"rendered":"<p>Tejido Principal C\/ Azul<br \/>\nDetalle confecci\u00f3n cuello<br \/>\nDetalle de confecci\u00f3n bolsillo de vivos cxon plast\u00f3n interior<br \/>\nDetalle confecci\u00f3n pu\u00f1o con el\u00e1stico interior<br \/>\nBordado C\/ Blanco C\/ Rojo<\/p>\n","protected":false},"excerpt":{"rendered":"<p>Tejido Principal C\/ Azul<br \/>\nDetalle confecci\u00f3n cuello<br \/>\nDetalle de confecci\u00f3n bolsillo de vivos cxon plast\u00f3n interior<br \/>\nDetalle confecci\u00f3n pu\u00f1o con el\u00e1stico interior<br \/>\nBordado C\/ Blanco C\/ Rojo<\/p>\n","protected":false},"featured_media":393,"template":"","meta":[],"product_brand":[],"product_cat":[63,15],"product_tag":[],"class_list":{"0":"post-378","1":"product","2":"type-product","3":"status-publish","4":"has-post-thumbnail","6":"product_cat-otros","7":"product_cat-productos","9":"first","10":"instock","11":"taxable","12":"shipping-taxable","13":"purchasable","14":"product-type-variable"},"_links":{"self":[{"href":"https:\/\/torrent.trinitarias.net\/tienda-online\/wp-json\/wp\/v2\/product\/378","targetHints":{"allow":["GET"]}}],"collection":[{"href":"https:\/\/torrent.trinitarias.net\/tienda-online\/wp-json\/wp\/v2\/product"}],"about":[{"href":"https:\/\/torrent.trinitarias.net\/tienda-online\/wp-json\/wp\/v2\/types\/product"}],"wp:featuredmedia":[{"embeddable":true,"href":"https:\/\/torrent.trinitarias.net\/tienda-online\/wp-json\/wp\/v2\/media\/393"}],"wp:attachment":[{"href":"https:\/\/torrent.trinitarias.net\/tienda-online\/wp-json\/wp\/v2\/media?parent=378"}],"wp:term":[{"taxonomy":"product_brand","embeddable":true,"href":"https:\/\/torrent.trinitarias.net\/tienda-online\/wp-json\/wp\/v2\/product_brand?post=378"},{"taxonomy":"product_cat","embeddable":true,"href":"https:\/\/torrent.trinitarias.net\/tienda-online\/wp-json\/wp\/v2\/product_cat?post=378"},{"taxonomy":"product_tag","embeddable":true,"href":"https:\/\/torrent.trinitarias.net\/tienda-online\/wp-json\/wp\/v2\/product_tag?post=378"}],"curies":[{"name":"wp","href":"https:\/\/api.w.org\/{rel}","templated":true}]}}