{"id":3,"date":"2022-06-20T10:43:16","date_gmt":"2022-06-20T10:43:16","guid":{"rendered":"https:\/\/torrent.trinitarias.net\/tienda-online\/?page_id=3"},"modified":"2023-07-13T09:15:42","modified_gmt":"2023-07-13T07:15:42","slug":"politica-privacidad","status":"publish","type":"page","link":"https:\/\/torrent.trinitarias.net\/tienda-libros\/politica-privacidad\/","title":{"rendered":"T\u00e9rminos y Condiciones de Uso"},"content":{"rendered":"\r\n<h1 class=\"wp-block-heading\"><span style=\"font-size: 110%;\"><strong>T\u00e9rminos y Condiciones de Uso<\/strong><\/span><\/h1>\r\n<p>Este contrato describe los t\u00e9rminos y condiciones generales aplicables al uso de los contenidos, productos y servicios ofrecidos a trav\u00e9s del sitio torrent.trinitarias.net\/tienda-libros, de cual es titular <strong>Colegio San Jos\u00e9 y Santa Ana con CIF: G46085601<\/strong><\/p>\r\n<p>&nbsp;<\/p>\r\n<h2><strong>Informaci\u00f3n relevante<\/strong><\/h2>\r\n<p>Es requisito necesario para la adquisici\u00f3n de los productos que se ofrecen en este sitio, que lea y acepte los siguientes T\u00e9rminos y Condiciones que a continuaci\u00f3n se redactan.<\/p>\r\n<p>El uso de nuestros servicios as\u00ed como la compra de nuestros productos implica que usted ha le\u00eddo y aceptado los T\u00e9rminos y Condiciones de Uso en el presente documento.<\/p>\r\n<p>Para adquirir un producto, ser\u00e1 necesario:<\/p>\r\n<ul>\r\n<li>El registro por parte del usuario.<\/li>\r\n<li>Siempre desde el correo institucional del colegio.<\/li>\r\n<li>Con ingreso de datos personales fidedignos.<\/li>\r\n<li>Definici\u00f3n de una contrase\u00f1a.<\/li>\r\n<\/ul>\r\n<p>El usuario puede elegir y cambiar la clave para su acceso de administraci\u00f3n de la cuenta en cualquier momento. torrent.trinitarias.net\/tienda-libros no asume la responsabilidad en caso de que entregue dicha clave a terceros.<\/p>\r\n<p>Todas las compras y transacciones que se lleven a cabo por medio de este sitio web, est\u00e1n sujetas a un proceso de confirmaci\u00f3n y verificaci\u00f3n, el cual podr\u00eda incluir la verificaci\u00f3n del stock y disponibilidad de producto, validaci\u00f3n de la forma de pago, validaci\u00f3n de la factura (en caso de existir) y el cumplimiento de las condiciones requeridas por el medio de pago seleccionado.<\/p>\r\n<p>Una vez confirmado y enviado su pedido por la web no se podr\u00e1 modificar ni anular desde torrent.trinitarias.net\/tienda-libros. Tendr\u00e1 que enviar un correo electr\u00f3nico al centro.<\/p>\r\n<p>La venta a trav\u00e9s de la p\u00e1gina web de torrent.trinitarias.net\/tienda-online est\u00e1 limitada al territorio espa\u00f1ol.<\/p>\r\n<p>Los productos que se ofrecen en esta web est\u00e1n sujetos al Impuesto del Valor A\u00f1adido (IVA) que est\u00e1 incluido en los precios que se detallan para cada producto.<\/p>\r\n<p><strong>\u00a0<\/strong><\/p>\r\n<h2><strong>Uso no autorizado<\/strong><\/h2>\r\n<p>En caso de que aplique (para venta de uniformes, venta de software, templetes, u otro producto de dise\u00f1o y programaci\u00f3n) usted no puede colocar uno de nuestros productos, modificado o sin modificar, en un CD, sitio web o ning\u00fan otro medio y ofrecerlos para la redistribuci\u00f3n o la reventa de ning\u00fan tipo.<\/p>\r\n<h2>\u00a0<\/h2>\r\n<h2><strong>Propiedad<\/strong><\/h2>\r\n<p>Usted no puede declarar propiedad intelectual o exclusiva a ninguno de nuestros productos, modificado o sin modificar. Todos los productos son propiedad de <strong>Colegio San Jos\u00e9 y Santa Ana<\/strong>. En ning\u00fan caso esta compa\u00f1\u00eda ser\u00e1 responsable de ning\u00fan da\u00f1o incluyendo, pero no limitado a, da\u00f1os directos, indirectos, especiales, fortuitos o consecuentes u otras p\u00e9rdidas resultantes del uso o de la imposibilidad de utilizar nuestros productos.<\/p>\r\n<p>&nbsp;<\/p>\r\n<h2><strong>Forma de Pago<\/strong><\/h2>\r\n<p>Se aceptan como forma de pago las tarjetas de d\u00e9bito o cr\u00e9dito emitidas por entidades financieras europeas (Visa \/ MasterCard).<\/p>\r\n<p>El pago de su pedido se produce en tiempo real a trav\u00e9s del TPV Virtual, una vez se haya comprobado que los datos proporcionados son correctos.<\/p>\r\n<p>Los pagos son previos a la entrega del pedido, por lo que colegiotrinitarias.com\/tienda-online no proporcionar\u00e1 el producto solicitado hasta el momento que haya recibido el pago del mismo. torrent.trinitarias.net\/tienda-online se reserva el derecho a cancelar temporal o definitivamente el pedido, ante cualquier incidencia de cobro de los mismos.<\/p>\r\n<p>&nbsp;<\/p>\r\n<h2><strong>Factura <\/strong><\/h2>\r\n<p>Al realizar el pago correspondiente, recibir\u00e1 la factura de su compra en el correo electr\u00f3nico que haya indicado (siempre ser\u00e1 el correo electr\u00f3nico institucional del colegio).<\/p>\r\n<p>&nbsp;<\/p>\r\n<h2><strong>Garant\u00eda<\/strong><\/h2>\r\n<p>El documento de garant\u00eda es la factura de compra.<\/p>\r\n<p>En aquellos incidencias que justifiquen el uso de garant\u00eda se sustituir\u00e1 el art\u00edculo o devoluci\u00f3n, en los t\u00e9rminos legalmente establecidos.<\/p>\r\n<p>No tendr\u00e1 valor la garant\u00eda:<\/p>\r\n<ul>\r\n<li>Si el producto se manipula, repara, se personaliza.<\/li>\r\n<li>Si se modifican o sustituyen algunos de los datos de la misma o de la factura de compra.<\/li>\r\n<\/ul>\r\n<p>Para poder usar la garant\u00eda es necesario la presentaci\u00f3n de la factura de compra.<\/p>\r\n<p>&nbsp;<\/p>\r\n<h2 id=\"devoluciones\"><strong>Cambios y devoluciones<\/strong><strong>\u00a0<\/strong><\/h2>\r\n<p>Se le cambiar\u00e1 el libro por otro igual siempre y cuando este:<\/p>\r\n<ul>\r\n<li>No haya sido utilizado.<\/li>\r\n<li>Se le abonar\u00e1 la cantidad que corresponda, a ser\u00a0 posible, en el mismo medio de pago que realiz\u00f3 la compra.<\/li>\r\n<\/ul>\r\n<p>Para realizar una devoluci\u00f3n ha de realizar el siguiente proceso:<\/p>\r\n<ul>\r\n<li>Acudir al centro escolar y comunicar la incidencia.<\/li>\r\n<\/ul>\r\n<p>Dispone de 30 d\u00edas para devoluciones, desde la fecha de compra del art\u00edculo.<\/p>\r\n<p><strong>\u00a0<\/strong><\/p>\r\n<h2><strong>Privacidad<\/strong><\/h2>\r\n<p>torrent.trinitarias.net\/tienda-libros garantiza que la informaci\u00f3n personal que usted env\u00eda cuenta con la seguridad necesaria. Los datos ingresados por usuario o en el caso de requerir una validaci\u00f3n de los pedidos no ser\u00e1n entregados a terceros, salvo que deba ser revelada en cumplimiento a una orden judicial o requerimientos legales. La suscripci\u00f3n a boletines de correos electr\u00f3nicos publicitarios es voluntaria y podr\u00eda ser seleccionada al momento de crear su cuenta. colegiotrinitarias.com\/tienda-online se reserva los derechos de cambiar o de modificar estos t\u00e9rminos sin previo aviso.<\/p>\r\n","protected":false},"excerpt":{"rendered":"<p>T\u00e9rminos y Condiciones de Uso Este contrato describe los t\u00e9rminos y condiciones generales aplicables al uso de los contenidos, productos y servicios ofrecidos a trav\u00e9s del sitio torrent.trinitarias.net\/tienda-libros, de cual es titular Colegio San Jos\u00e9 y Santa Ana con CIF: G46085601 &nbsp; Informaci\u00f3n relevante Es requisito necesario para la adquisici\u00f3n de los productos que se [&#8230;]\n","protected":false},"author":1,"featured_media":0,"parent":0,"menu_order":0,"comment_status":"closed","ping_status":"closed","template":"","meta":{"footnotes":""},"class_list":["post-3","page","type-page","status-publish","hentry"],"_links":{"self":[{"href":"https:\/\/torrent.trinitarias.net\/tienda-libros\/wp-json\/wp\/v2\/pages\/3","targetHints":{"allow":["GET"]}}],"collection":[{"href":"https:\/\/torrent.trinitarias.net\/tienda-libros\/wp-json\/wp\/v2\/pages"}],"about":[{"href":"https:\/\/torrent.trinitarias.net\/tienda-libros\/wp-json\/wp\/v2\/types\/page"}],"author":[{"embeddable":true,"href":"https:\/\/torrent.trinitarias.net\/tienda-libros\/wp-json\/wp\/v2\/users\/1"}],"replies":[{"embeddable":true,"href":"https:\/\/torrent.trinitarias.net\/tienda-libros\/wp-json\/wp\/v2\/comments?post=3"}],"version-history":[{"count":13,"href":"https:\/\/torrent.trinitarias.net\/tienda-libros\/wp-json\/wp\/v2\/pages\/3\/revisions"}],"predecessor-version":[{"id":1091,"href":"https:\/\/torrent.trinitarias.net\/tienda-libros\/wp-json\/wp\/v2\/pages\/3\/revisions\/1091"}],"wp:attachment":[{"href":"https:\/\/torrent.trinitarias.net\/tienda-libros\/wp-json\/wp\/v2\/media?parent=3"}],"curies":[{"name":"wp","href":"https:\/\/api.w.org\/{rel}","templated":true}]}}